{"id":27327,"date":"2024-05-31T10:11:01","date_gmt":"2024-05-31T10:11:01","guid":{"rendered":"https:\/\/motocitycalador.com\/?page_id=27327"},"modified":"2024-05-31T10:15:03","modified_gmt":"2024-05-31T10:15:03","slug":"politica-de-cookies","status":"publish","type":"page","link":"https:\/\/motocitycalador.com\/index.php\/politica-de-cookies\/","title":{"rendered":"Pol\u00edtica de Cookies"},"content":{"rendered":"\t\t<div data-elementor-type=\"wp-page\" data-elementor-id=\"27327\" class=\"elementor elementor-27327\" data-elementor-post-type=\"page\">\n\t\t\t\t<div class=\"wd-negative-gap elementor-element elementor-element-11bccfb wd-section-stretch e-flex e-con-boxed e-con e-parent\" data-id=\"11bccfb\" data-element_type=\"container\" data-e-type=\"container\" data-settings=\"{&quot;background_background&quot;:&quot;classic&quot;}\">\n\t\t\t\t\t<div class=\"e-con-inner\">\n\t\t\t\t<div class=\"elementor-element elementor-element-042592e wd-width-100 elementor-invisible elementor-widget elementor-widget-wd_title\" data-id=\"042592e\" data-element_type=\"widget\" data-e-type=\"widget\" data-settings=\"{&quot;_animation&quot;:&quot;fadeInUp&quot;}\" data-widget_type=\"wd_title.default\">\n\t\t\t\t<div class=\"elementor-widget-container\">\n\t\t\t\t\t\t\t<div class=\"title-wrapper wd-set-mb reset-last-child wd-title-color-white wd-title-style-default wd-title-size-default text-left\">\n\n\t\t\t\n\t\t\t<div class=\"liner-continer\">\n\t\t\t\t<h1 class=\"woodmart-title-container title wd-fontsize-l\">Pol\u00edtica de Cookies<\/h1> \n\t\t\t\t\t\t\t<\/div>\n\n\t\t\t\t\t<\/div>\n\t\t\t\t\t\t<\/div>\n\t\t\t\t<\/div>\n\t\t\t\t\t<\/div>\n\t\t\t\t<\/div>\n\t\t<div class=\"wd-negative-gap elementor-element elementor-element-1e414a3 e-flex e-con-boxed e-con e-parent\" data-id=\"1e414a3\" data-element_type=\"container\" data-e-type=\"container\">\n\t\t\t\t\t<div class=\"e-con-inner\">\n\t\t\t\t<div class=\"elementor-element elementor-element-8447661 wd-width-100 elementor-invisible elementor-widget elementor-widget-wd_title\" data-id=\"8447661\" data-element_type=\"widget\" data-e-type=\"widget\" data-settings=\"{&quot;_animation&quot;:&quot;fadeInUp&quot;}\" data-widget_type=\"wd_title.default\">\n\t\t\t\t<div class=\"elementor-widget-container\">\n\t\t\t\t\t\t\t<div class=\"title-wrapper wd-set-mb reset-last-child wd-title-color-primary wd-title-style-default wd-title-size-medium text-left\">\n\n\t\t\t\n\t\t\t<div class=\"liner-continer\">\n\t\t\t\t<h4 class=\"woodmart-title-container title wd-fontsize-xl\">POL\u00cdTICA DE COOKIES<\/h4> \n\t\t\t\t\t\t\t<\/div>\n\n\t\t\t\t\t<\/div>\n\t\t\t\t\t\t<\/div>\n\t\t\t\t<\/div>\n\t\t\t\t\t<\/div>\n\t\t\t\t<\/div>\n\t\t<div class=\"wd-negative-gap elementor-element elementor-element-4e27c6a e-flex e-con-boxed e-con e-parent\" data-id=\"4e27c6a\" data-element_type=\"container\" data-e-type=\"container\">\n\t\t\t\t\t<div class=\"e-con-inner\">\n\t\t\t\t<div class=\"elementor-element elementor-element-db27ff3 wd-width-100 elementor-invisible elementor-widget elementor-widget-wd_title\" data-id=\"db27ff3\" data-element_type=\"widget\" data-e-type=\"widget\" data-settings=\"{&quot;_animation&quot;:&quot;fadeInUp&quot;}\" data-widget_type=\"wd_title.default\">\n\t\t\t\t<div class=\"elementor-widget-container\">\n\t\t\t\t\t\t\t<div class=\"title-wrapper wd-set-mb reset-last-child wd-title-color-primary wd-title-style-default wd-title-size-medium text-left\">\n\n\t\t\t\n\t\t\t<div class=\"liner-continer\">\n\t\t\t\t<h4 class=\"woodmart-title-container title wd-fontsize-xl\"><\/h4> \n\t\t\t\t\t\t\t<\/div>\n\n\t\t\t\t\t\t\t<div class=\"title-after_title reset-last-child wd-fontsize-s\">\n\t\t\t\t\t<h3><span class=\"\">COOKIES \u2013 INFORMACI\u00d3N PRINCIPAL<\/span><\/h3><p>\u00bfQu\u00e9 son las galletas?\u00a0Son archivos de texto que contienen informaci\u00f3n que se env\u00eda al navegador y se descarga en el ordenador, tel\u00e9fono m\u00f3vil u otro dispositivo del usuario cada vez que se accede a un sitio web.\u00a0Con cada conexi\u00f3n, las cookies env\u00edan la informaci\u00f3n a la p\u00e1gina de referencia.<\/p><p>Las cookies pueden ser persistentes, es decir, permanecen y se almacenan en el dispositivo final hasta que el usuario las elimina, o las cookies de sesi\u00f3n, que se eliminan autom\u00e1ticamente cuando finaliza la sesi\u00f3n del navegador del usuario.<\/p><h3>COOKIES PROPIAS\/ DE TERCEROS<\/h3><p>La diferencia es que las cookies de origen las establece directamente el sitio web que ha visitado, mientras que las cookies de terceros las genera un sitio web distinto al que est\u00e1 visitando, posiblemente a trav\u00e9s de un complemento o widget espec\u00edfico.<\/p><h3>COOKIES AQU\u00cd EN motocitycalador.es<\/h3><p>El uso de cookies permanentes sirve para:<\/p><p>a) facilitar la navegaci\u00f3n por el sitio web y permitir un mejor disfrute de sus contenidos;<\/p><p>b) Acelerar el acceso a servicios que requieren autenticaci\u00f3n de credenciales (evitando la necesidad de ingresar constantemente c\u00f3digos de acceso);<\/p><p>c) Recopilar y almacenar datos con fines estad\u00edsticos para saber qu\u00e9 \u00e1reas del sitio web han sido visitadas.<\/p><p>El uso de cookies se limita a la transmisi\u00f3n de identificadores de sesi\u00f3n (que consisten en n\u00fameros generados por el servidor) necesarios para una navegaci\u00f3n segura y eficiente del sitio web.\u00a0Las cookies de sesi\u00f3n utilizadas en este sitio web evitan tener que recurrir a otras t\u00e9cnicas inform\u00e1ticas que pueden comprometer la privacidad de la navegaci\u00f3n del usuario y no permiten la recogida de datos personales del usuario.<\/p><h3>MOTOCICLETAS\u00a0\u00a0CALADOR TRANSPORT &amp; TRAVEL SERVICES SL.\u00a0\u00a0\u00bfUTILIZA COOKIES DE TERCEROS?<\/h3><p>Utilizamos Google Analytics para recopilar informaci\u00f3n sobre c\u00f3mo los usuarios usan el sitio web.\u00a0Google Analytics genera informaci\u00f3n estad\u00edstica y de otro tipo utilizando cookies, que los propios usuarios almacenan en los ordenadores.\u00a0La informaci\u00f3n generada en relaci\u00f3n con nuestro sitio web se utiliza para crear informes.\u00a0Google almacenar\u00e1 y utilizar\u00e1 esta informaci\u00f3n.<\/p><p>NO utilizamos las funciones publicitarias de Google Analytics, sino que nos ce\u00f1imos a las implementaciones est\u00e1ndar.<\/p><p>El servicio \u00fanicamente sirve para recoger los datos de las p\u00e1ginas m\u00e1s visitadas, el n\u00famero de visitas, los datos de visitas por sistema operativo, navegador, etc.\u00a0Estos par\u00e1metros se almacenan en los servidores de Google que regulan la protecci\u00f3n de datos de acuerdo con estas directrices.<\/p><p>Puede encontrar la pol\u00edtica de privacidad de Google en la siguiente direcci\u00f3n:<\/p><p>Pol\u00edtica de privacidad de Google<\/p><h3>GESTI\u00d3N AUT\u00d3NOMA DE COOKIES<\/h3><p>Para restringir, bloquear o eliminar las cookies basta con acceder a la configuraci\u00f3n del propio navegador web.\u00a0Los pasos a seguir var\u00edan ligeramente seg\u00fan el tipo de instrumento utilizado.\u00a0Para m\u00e1s informaci\u00f3n, aqu\u00ed tienes una lista de los enlaces m\u00e1s utilizados para recopilar los diferentes tr\u00e1mites o al menos para obtener la informaci\u00f3n necesaria.<\/p><p>Si el navegador que usa normalmente no est\u00e1 en la lista, puede obtener ayuda f\u00e1cilmente con una simple b\u00fasqueda en Google, por ejemplo, escribiendo cookies de privacidad (nombre del navegador).<\/p><p>Explorador de Internet &gt;&gt;<\/p><p>Firefox &gt;&gt;<\/p><p>Chrome de Google &gt;&gt;<\/p><p>oper &gt;&gt;<\/p><p>Safari &gt;&gt;<\/p>\t\t\t\t<\/div>\n\t\t\t\t\t<\/div>\n\t\t\t\t\t\t<\/div>\n\t\t\t\t<\/div>\n\t\t\t\t\t<\/div>\n\t\t\t\t<\/div>\n\t\t\t\t<\/div>\n\t\t","protected":false},"excerpt":{"rendered":"<p>Pol\u00edtica de Cookies POL\u00cdTICA DE COOKIES COOKIES \u2013 INFORMACI\u00d3N PRINCIPAL \u00bfQu\u00e9 son las galletas?\u00a0Son archivos de texto que contienen informaci\u00f3n<\/p>\n","protected":false},"author":1,"featured_media":0,"parent":0,"menu_order":0,"comment_status":"closed","ping_status":"closed","template":"","meta":{"footnotes":""},"class_list":["post-27327","page","type-page","status-publish","hentry"],"yoast_head":"<!-- This site is optimized with the Yoast SEO plugin v27.5 - https:\/\/yoast.com\/product\/yoast-seo-wordpress\/ -->\n<title>Pol\u00edtica de Cookies - MotoCityCalador<\/title>\n<meta name=\"robots\" content=\"index, follow, max-snippet:-1, max-image-preview:large, max-video-preview:-1\" \/>\n<link rel=\"canonical\" href=\"https:\/\/motocitycalador.com\/index.php\/politica-de-cookies\/\" \/>\n<meta property=\"og:locale\" content=\"es_ES\" \/>\n<meta property=\"og:type\" content=\"article\" \/>\n<meta property=\"og:title\" content=\"Pol\u00edtica de Cookies - MotoCityCalador\" \/>\n<meta property=\"og:description\" content=\"Pol\u00edtica de Cookies POL\u00cdTICA DE COOKIES COOKIES \u2013 INFORMACI\u00d3N PRINCIPAL \u00bfQu\u00e9 son las galletas?\u00a0Son archivos de texto que contienen informaci\u00f3n\" \/>\n<meta property=\"og:url\" content=\"https:\/\/motocitycalador.com\/index.php\/politica-de-cookies\/\" \/>\n<meta property=\"og:site_name\" content=\"MotoCityCalador\" \/>\n<meta property=\"article:modified_time\" content=\"2024-05-31T10:15:03+00:00\" \/>\n<meta name=\"twitter:card\" content=\"summary_large_image\" \/>\n<meta name=\"twitter:label1\" content=\"Tiempo de lectura\" \/>\n\t<meta name=\"twitter:data1\" content=\"3 minutos\" \/>\n<script type=\"application\/ld+json\" class=\"yoast-schema-graph\">{\"@context\":\"https:\\\/\\\/schema.org\",\"@graph\":[{\"@type\":\"WebPage\",\"@id\":\"https:\\\/\\\/motocitycalador.com\\\/index.php\\\/politica-de-cookies\\\/\",\"url\":\"https:\\\/\\\/motocitycalador.com\\\/index.php\\\/politica-de-cookies\\\/\",\"name\":\"Pol\u00edtica de Cookies - MotoCityCalador\",\"isPartOf\":{\"@id\":\"https:\\\/\\\/motocitycalador.com\\\/#website\"},\"datePublished\":\"2024-05-31T10:11:01+00:00\",\"dateModified\":\"2024-05-31T10:15:03+00:00\",\"breadcrumb\":{\"@id\":\"https:\\\/\\\/motocitycalador.com\\\/index.php\\\/politica-de-cookies\\\/#breadcrumb\"},\"inLanguage\":\"es\",\"potentialAction\":[{\"@type\":\"ReadAction\",\"target\":[\"https:\\\/\\\/motocitycalador.com\\\/index.php\\\/politica-de-cookies\\\/\"]}]},{\"@type\":\"BreadcrumbList\",\"@id\":\"https:\\\/\\\/motocitycalador.com\\\/index.php\\\/politica-de-cookies\\\/#breadcrumb\",\"itemListElement\":[{\"@type\":\"ListItem\",\"position\":1,\"name\":\"Portada\",\"item\":\"https:\\\/\\\/motocitycalador.com\\\/\"},{\"@type\":\"ListItem\",\"position\":2,\"name\":\"Pol\u00edtica de Cookies\"}]},{\"@type\":\"WebSite\",\"@id\":\"https:\\\/\\\/motocitycalador.com\\\/#website\",\"url\":\"https:\\\/\\\/motocitycalador.com\\\/\",\"name\":\"MotoCityCalador\",\"description\":\"Amplio cat\u00e1logo de veh\u00edculos\",\"potentialAction\":[{\"@type\":\"SearchAction\",\"target\":{\"@type\":\"EntryPoint\",\"urlTemplate\":\"https:\\\/\\\/motocitycalador.com\\\/?s={search_term_string}\"},\"query-input\":{\"@type\":\"PropertyValueSpecification\",\"valueRequired\":true,\"valueName\":\"search_term_string\"}}],\"inLanguage\":\"es\"}]}<\/script>\n<!-- \/ Yoast SEO plugin. -->","yoast_head_json":{"title":"Pol\u00edtica de Cookies - MotoCityCalador","robots":{"index":"index","follow":"follow","max-snippet":"max-snippet:-1","max-image-preview":"max-image-preview:large","max-video-preview":"max-video-preview:-1"},"canonical":"https:\/\/motocitycalador.com\/index.php\/politica-de-cookies\/","og_locale":"es_ES","og_type":"article","og_title":"Pol\u00edtica de Cookies - MotoCityCalador","og_description":"Pol\u00edtica de Cookies POL\u00cdTICA DE COOKIES COOKIES \u2013 INFORMACI\u00d3N PRINCIPAL \u00bfQu\u00e9 son las galletas?\u00a0Son archivos de texto que contienen informaci\u00f3n","og_url":"https:\/\/motocitycalador.com\/index.php\/politica-de-cookies\/","og_site_name":"MotoCityCalador","article_modified_time":"2024-05-31T10:15:03+00:00","twitter_card":"summary_large_image","twitter_misc":{"Tiempo de lectura":"3 minutos"},"schema":{"@context":"https:\/\/schema.org","@graph":[{"@type":"WebPage","@id":"https:\/\/motocitycalador.com\/index.php\/politica-de-cookies\/","url":"https:\/\/motocitycalador.com\/index.php\/politica-de-cookies\/","name":"Pol\u00edtica de Cookies - MotoCityCalador","isPartOf":{"@id":"https:\/\/motocitycalador.com\/#website"},"datePublished":"2024-05-31T10:11:01+00:00","dateModified":"2024-05-31T10:15:03+00:00","breadcrumb":{"@id":"https:\/\/motocitycalador.com\/index.php\/politica-de-cookies\/#breadcrumb"},"inLanguage":"es","potentialAction":[{"@type":"ReadAction","target":["https:\/\/motocitycalador.com\/index.php\/politica-de-cookies\/"]}]},{"@type":"BreadcrumbList","@id":"https:\/\/motocitycalador.com\/index.php\/politica-de-cookies\/#breadcrumb","itemListElement":[{"@type":"ListItem","position":1,"name":"Portada","item":"https:\/\/motocitycalador.com\/"},{"@type":"ListItem","position":2,"name":"Pol\u00edtica de Cookies"}]},{"@type":"WebSite","@id":"https:\/\/motocitycalador.com\/#website","url":"https:\/\/motocitycalador.com\/","name":"MotoCityCalador","description":"Amplio cat\u00e1logo de veh\u00edculos","potentialAction":[{"@type":"SearchAction","target":{"@type":"EntryPoint","urlTemplate":"https:\/\/motocitycalador.com\/?s={search_term_string}"},"query-input":{"@type":"PropertyValueSpecification","valueRequired":true,"valueName":"search_term_string"}}],"inLanguage":"es"}]}},"_links":{"self":[{"href":"https:\/\/motocitycalador.com\/index.php\/wp-json\/wp\/v2\/pages\/27327","targetHints":{"allow":["GET"]}}],"collection":[{"href":"https:\/\/motocitycalador.com\/index.php\/wp-json\/wp\/v2\/pages"}],"about":[{"href":"https:\/\/motocitycalador.com\/index.php\/wp-json\/wp\/v2\/types\/page"}],"author":[{"embeddable":true,"href":"https:\/\/motocitycalador.com\/index.php\/wp-json\/wp\/v2\/users\/1"}],"replies":[{"embeddable":true,"href":"https:\/\/motocitycalador.com\/index.php\/wp-json\/wp\/v2\/comments?post=27327"}],"version-history":[{"count":16,"href":"https:\/\/motocitycalador.com\/index.php\/wp-json\/wp\/v2\/pages\/27327\/revisions"}],"predecessor-version":[{"id":27352,"href":"https:\/\/motocitycalador.com\/index.php\/wp-json\/wp\/v2\/pages\/27327\/revisions\/27352"}],"wp:attachment":[{"href":"https:\/\/motocitycalador.com\/index.php\/wp-json\/wp\/v2\/media?parent=27327"}],"curies":[{"name":"wp","href":"https:\/\/api.w.org\/{rel}","templated":true}]}}