{"id":31075,"date":"2026-04-14T12:56:39","date_gmt":"2026-04-14T12:56:39","guid":{"rendered":"https:\/\/motocitycalador.com\/?page_id=31075"},"modified":"2026-04-15T08:00:38","modified_gmt":"2026-04-15T08:00:38","slug":"nuestras-tarifas","status":"publish","type":"page","link":"https:\/\/motocitycalador.com\/index.php\/nuestras-tarifas\/","title":{"rendered":"Nuestras tarifas"},"content":{"rendered":"\t\t<div data-elementor-type=\"wp-page\" data-elementor-id=\"31075\" class=\"elementor elementor-31075\" data-elementor-post-type=\"page\">\n\t\t\t\t<div class=\"wd-negative-gap elementor-element elementor-element-e0ca342 e-flex e-con-boxed e-con e-parent\" data-id=\"e0ca342\" data-element_type=\"container\" data-e-type=\"container\" data-settings=\"{&quot;animation&quot;:&quot;none&quot;}\">\n\t\t\t\t\t<div class=\"e-con-inner\">\n\t\t\t\t<div class=\"elementor-element elementor-element-288c63d wd-width-100 elementor-invisible elementor-widget elementor-widget-wd_title\" data-id=\"288c63d\" data-element_type=\"widget\" data-e-type=\"widget\" data-settings=\"{&quot;_animation&quot;:&quot;fadeInUp&quot;}\" data-widget_type=\"wd_title.default\">\n\t\t\t\t<div class=\"elementor-widget-container\">\n\t\t\t\t\t\t\t<div class=\"title-wrapper wd-set-mb reset-last-child wd-title-color-primary wd-title-style-default wd-title-size-medium text-center\">\n\n\t\t\t\n\t\t\t<div class=\"liner-continer\">\n\t\t\t\t<h4 class=\"woodmart-title-container title wd-fontsize-xl\">Precios<\/h4> \n\t\t\t\t\t\t\t<\/div>\n\n\t\t\t\t\t<\/div>\n\t\t\t\t\t\t<\/div>\n\t\t\t\t<\/div>\n\t\t\t\t<div class=\"elementor-element elementor-element-73a47a0 wd-width-100 elementor-invisible elementor-widget elementor-widget-wd_title\" data-id=\"73a47a0\" data-element_type=\"widget\" data-e-type=\"widget\" data-settings=\"{&quot;_animation&quot;:&quot;fadeInUp&quot;}\" data-widget_type=\"wd_title.default\">\n\t\t\t\t<div class=\"elementor-widget-container\">\n\t\t\t\t\t\t\t<div class=\"title-wrapper wd-set-mb reset-last-child wd-title-color-primary wd-title-style-default wd-title-size-medium text-left\">\n\n\t\t\t\n\t\t\t<div class=\"liner-continer\">\n\t\t\t\t<h4 class=\"woodmart-title-container title wd-fontsize-xl\"><\/h4> \n\t\t\t\t\t\t\t<\/div>\n\n\t\t\t\t\t<\/div>\n\t\t\t\t\t\t<\/div>\n\t\t\t\t<\/div>\n\t\t\t\t\t<\/div>\n\t\t\t\t<\/div>\n\t\t<div class=\"wd-negative-gap elementor-element elementor-element-3e44928 e-flex e-con-boxed e-con e-parent\" data-id=\"3e44928\" data-element_type=\"container\" data-e-type=\"container\">\n\t\t\t\t\t<div class=\"e-con-inner\">\n\t\t\t\t<div class=\"elementor-element elementor-element-2185b70 elementor-widget elementor-widget-html\" data-id=\"2185b70\" data-element_type=\"widget\" data-e-type=\"widget\" data-widget_type=\"html.default\">\n\t\t\t\t<div class=\"elementor-widget-container\">\n\t\t\t\t\t<div style=\"text-align: center; max-width: 700px; margin: -10px auto 30px auto; font-family: 'Segoe UI', Arial, sans-serif;\">\r\n    <h4 style=\"color: #333; font-weight: 700; font-size: 1.2em; margin-bottom: 10px;\">M\u00e1s d\u00edas de ruta, mejores tarifas diarias.<\/h4>\r\n    <p style=\"color: #666; font-size: 0.95em; line-height: 1.5;\">Descubre nuestros precios m\u00e1s competitivos dise\u00f1ados en exclusiva para alquileres de larga duraci\u00f3n. Las cifras mostradas a continuaci\u00f3n corresponden al <strong>coste por d\u00eda a partir del octavo d\u00eda de alquiler<\/strong>. Elige tu veh\u00edculo ideal, selecciona tu tarifa y exprime al m\u00e1ximo tu viaje pagando menos.<\/p>\r\n<\/div>\t\t\t\t<\/div>\n\t\t\t\t<\/div>\n\t\t\t\t\t<\/div>\n\t\t\t\t<\/div>\n\t\t<div class=\"wd-negative-gap elementor-element elementor-element-cd8a0ad e-flex e-con-boxed e-con e-parent\" data-id=\"cd8a0ad\" data-element_type=\"container\" data-e-type=\"container\">\n\t\t\t\t\t<div class=\"e-con-inner\">\n\t\t\t\t<div class=\"elementor-element elementor-element-f2875e8 elementor-widget elementor-widget-html\" data-id=\"f2875e8\" data-element_type=\"widget\" data-e-type=\"widget\" data-widget_type=\"html.default\">\n\t\t\t\t<div class=\"elementor-widget-container\">\n\t\t\t\t\t<style>\r\n    .tabla-tarifas { width: 100%; border-collapse: collapse; font-family: 'Segoe UI', Arial, sans-serif; margin-bottom: 30px; }\r\n    .tabla-tarifas th { background: #222; color: #fff; padding: 15px 12px; text-align: center; border: 1px solid #333; text-transform: uppercase; font-size: 0.9em; letter-spacing: 1px; }\r\n    \/* AQU\u00cd HEMOS OSCURECIDO EL BORDE INTERNO (de #eee a #aaa) *\/\r\n    .tabla-tarifas td { border: 1px solid #aaa; padding: 14px 12px; text-align: center; vertical-align: middle; }\r\n    \r\n    \/* Filas de Categor\u00eda *\/\r\n    .row-categoria { background: #f4f4f4 !important; text-align: left !important; font-weight: 800; color: #000; text-transform: uppercase; font-size: 0.85em; letter-spacing: 1px; border-top: 3px solid #f7c51e !important; border-bottom: 1px solid #aaa !important; }\r\n    .row-categoria td { padding: 10px 15px !important; }\r\n\r\n    \/* Columnas y resaltados *\/\r\n    .col-modelo { text-align: left !important; font-weight: 600; color: #333; width: 40%; }\r\n    .encabezado-brand { background: #f7c51e !important; color: #000 !important; font-weight: bold; }\r\n    \r\n    \/* Efecto cebra suave *\/\r\n    .tabla-tarifas tbody tr:nth-child(even):not(.row-categoria) { background-color: #fafafa; }\r\n<\/style>\r\n\r\n<table class=\"tabla-tarifas\">\r\n    <thead>\r\n        <tr>\r\n            <th style=\"text-align: left;\">MODELO (Tarifas +8 D\u00edas)<\/th>\r\n            <th>TARIFA BASIC <br><small>(Precio\/D\u00eda)<\/small><\/th>\r\n            <th class=\"encabezado-brand\">TARIFA JUST GO <br><small>(Precio\/D\u00eda)<\/small><\/th>\r\n        <\/tr>\r\n    <\/thead>\r\n    <tbody>\r\n        <tr class=\"row-categoria\">\r\n            <td colspan=\"3\">Scooters<\/td>\r\n        <\/tr>\r\n        <tr>\r\n            <td class=\"col-modelo\">Peugeot Tweet 50cc<\/td>\r\n            <td>38\u20ac<\/td>\r\n            <td>45\u20ac<\/td>\r\n        <\/tr>\r\n        <tr>\r\n            <td class=\"col-modelo\">Honda vission 110cc<\/td>\r\n            <td>39\u20ac<\/td>\r\n            <td>46\u20ac<\/td>\r\n        <\/tr>\r\n        <tr>\r\n            <td class=\"col-modelo\">Honda SH 125cc<\/td>\r\n            <td>45\u20ac<\/td>\r\n            <td>52\u20ac<\/td>\r\n        <\/tr>\r\n        <tr>\r\n            <td class=\"col-modelo\">Vespa GTS125cc<\/td>\r\n            <td>50\u20ac<\/td>\r\n            <td>57\u20ac<\/td>\r\n        <\/tr>\r\n        <tr>\r\n            <td class=\"col-modelo\">Yamaha N-MAX 125<\/td>\r\n            <td>55\u20ac<\/td>\r\n            <td>62\u20ac<\/td>\r\n        <\/tr>\r\n        <tr>\r\n            <td class=\"col-modelo\">Yamaha X-MAX 125<\/td>\r\n            <td>58\u20ac<\/td>\r\n            <td>65\u20ac<\/td>\r\n        <\/tr>\r\n        <tr>\r\n            <td class=\"col-modelo\">Vespa GTS 300cc<\/td>\r\n            <td>60\u20ac<\/td>\r\n            <td>67\u20ac<\/td>\r\n        <\/tr>\r\n        <tr>\r\n            <td class=\"col-modelo\">Yamaha X-MAX 300 <\/td>\r\n            <td>65\u20ac <\/td>\r\n            <td>72\u20ac <\/td>\r\n        <\/tr>\r\n        <tr>\r\n            <td class=\"col-modelo\">Honda ADV 350cc<\/td>\r\n            <td>67\u20ac<\/td>\r\n            <td>77\u20ac<\/td>\r\n        <\/tr>\r\n        <tr>\r\n            <td class=\"col-modelo\">Yamaha TRICITY 300cc <\/td>\r\n            <td>70\u20ac <\/td>\r\n            <td>80\u20ac <\/td>\r\n        <\/tr>\r\n\r\n        <tr class=\"row-categoria\">\r\n            <td colspan=\"3\">Motorbikes<\/td>\r\n        <\/tr>\r\n        <tr>\r\n            <td class=\"col-modelo\">Yamaha MT 125cc<\/td>\r\n            <td>75\u20ac<\/td>\r\n            <td>85\u20ac<\/td>\r\n        <\/tr>\r\n         <tr>\r\n            <td class=\"col-modelo\"style=\"color:red;\">KTM Duke 125cc<\/td>\r\n            <td>75\u20ac<\/td>\r\n            <td>85\u20ac<\/td>\r\n        <\/tr>\r\n        <tr>\r\n            <td class=\"col-modelo\">Yamaha MT 07<\/td>\r\n            <td>98\u20ac<\/td>\r\n            <td>116\u20ac<\/td>\r\n        <\/tr>\r\n        <tr>\r\n            <td class=\"col-modelo\">Kawasaki Z900<\/td>\r\n            <td>105\u20ac<\/td>\r\n            <td>130\u20ac<\/td>\r\n        <\/tr>\r\n        <tr>\r\n            <td class=\"col-modelo\">Honda NX 500cc<\/td>\r\n            <td>72\u20ac<\/td>\r\n            <td>87\u20ac<\/td>\r\n        <\/tr>\r\n        <tr>\r\n            <td class=\"col-modelo\">Yamaha Tenere 700<\/td>\r\n            <td>105\u20ac<\/td>\r\n            <td>130\u20ac<\/td>\r\n        <\/tr>\r\n         <tr>\r\n            <td class=\"col-modelo\" style=\"color:red;\">Honda Africa TWIN 110cc<\/td>\r\n            <td>110\u20ac<\/td>\r\n            <td>140\u20ac<\/td>\r\n        <\/tr>\r\n        <tr>\r\n            <td class=\"col-modelo\">BMW 1300GS<\/td>\r\n            <td>158\u20ac<\/td>\r\n            <td>193\u20ac<\/td>\r\n        <\/tr>\r\n        \r\n\r\n        <tr class=\"row-categoria\">\r\n            <td colspan=\"3\">Harley Davidson<\/td>\r\n        <\/tr>\r\n        <tr>\r\n            <td class=\"col-modelo\">Street Glide 117 (2026)<\/td>\r\n            <td>170\u20ac<\/td>\r\n            <td>205\u20ac<\/td>\r\n        <\/tr>\r\n        <tr>\r\n            <td class=\"col-modelo\" style=\"color:red;\">Fat Bob<\/td>\r\n            <td>155\u20ac<\/td>\r\n            <td>190\u20ac<\/td>\r\n        <\/tr>\r\n        <tr>\r\n            <td class=\"col-modelo\">Harley Davidson Sport Glide<\/td>\r\n            <td>158\u20ac<\/td>\r\n            <td>193\u20ac<\/td>\r\n        <\/tr>\r\n        <tr class=\"row-categoria\">\r\n            <td colspan=\"3\">QUAD<\/td>\r\n        <\/tr>\r\n        <tr>\r\n            <td class=\"col-modelo\">Quad Kymco MXU 50cc<\/td>\r\n            <td>42\u20ac<\/td>\r\n            <td>49\u20ac<\/td>\r\n        <\/tr>\r\n\r\n        <tr class=\"row-categoria\">\r\n            <td colspan=\"3\">Bicicletas & Patinetes El\u00e9ctricos<\/td>\r\n        <\/tr>\r\n        <tr>\r\n            <td class=\"col-modelo\">City-Bike<\/td>\r\n            <td>11\u20ac<\/td>\r\n            <td>-<\/td>\r\n        <\/tr>\r\n        <tr>\r\n            <td class=\"col-modelo\">Treking-Bike<\/td>\r\n            <td>13\u20ac<\/td>\r\n            <td>-<\/td>\r\n        <\/tr>\r\n        <tr>\r\n            <td class=\"col-modelo\"style=\"color:red;\">ELECTRIC SCOOTER<\/td>\r\n            <td>24\u20ac<\/td>\r\n            <td>-<\/td>\r\n        <\/tr>\r\n    <\/tbody>\r\n<\/table>\t\t\t\t<\/div>\n\t\t\t\t<\/div>\n\t\t\t\t\t<\/div>\n\t\t\t\t<\/div>\n\t\t<div class=\"wd-negative-gap elementor-element elementor-element-96a3bbb e-flex e-con-boxed e-con e-parent\" data-id=\"96a3bbb\" data-element_type=\"container\" data-e-type=\"container\">\n\t\t\t\t\t<div class=\"e-con-inner\">\n\t\t\t\t\t<\/div>\n\t\t\t\t<\/div>\n\t\t\t\t<\/div>\n\t\t","protected":false},"excerpt":{"rendered":"<p>Precios M\u00e1s d\u00edas de ruta, mejores tarifas diarias. Descubre nuestros precios m\u00e1s competitivos dise\u00f1ados en exclusiva para alquileres de larga<\/p>\n","protected":false},"author":1,"featured_media":0,"parent":0,"menu_order":0,"comment_status":"closed","ping_status":"closed","template":"elementor_header_footer","meta":{"footnotes":""},"class_list":["post-31075","page","type-page","status-publish","hentry"],"yoast_head":"<!-- This site is optimized with the Yoast SEO plugin v27.4 - https:\/\/yoast.com\/product\/yoast-seo-wordpress\/ -->\n<title>Nuestras tarifas - MotoCityCalador<\/title>\n<meta name=\"robots\" content=\"index, follow, max-snippet:-1, max-image-preview:large, max-video-preview:-1\" \/>\n<link rel=\"canonical\" href=\"https:\/\/motocitycalador.com\/index.php\/nuestras-tarifas\/\" \/>\n<meta property=\"og:locale\" content=\"es_ES\" \/>\n<meta property=\"og:type\" content=\"article\" \/>\n<meta property=\"og:title\" content=\"Nuestras tarifas - MotoCityCalador\" \/>\n<meta property=\"og:description\" content=\"Precios M\u00e1s d\u00edas de ruta, mejores tarifas diarias. Descubre nuestros precios m\u00e1s competitivos dise\u00f1ados en exclusiva para alquileres de larga\" \/>\n<meta property=\"og:url\" content=\"https:\/\/motocitycalador.com\/index.php\/nuestras-tarifas\/\" \/>\n<meta property=\"og:site_name\" content=\"MotoCityCalador\" \/>\n<meta property=\"article:modified_time\" content=\"2026-04-15T08:00:38+00:00\" \/>\n<meta name=\"twitter:card\" content=\"summary_large_image\" \/>\n<meta name=\"twitter:label1\" content=\"Tiempo de lectura\" \/>\n\t<meta name=\"twitter:data1\" content=\"1 minuto\" \/>\n<script type=\"application\/ld+json\" class=\"yoast-schema-graph\">{\"@context\":\"https:\\\/\\\/schema.org\",\"@graph\":[{\"@type\":\"WebPage\",\"@id\":\"https:\\\/\\\/motocitycalador.com\\\/index.php\\\/nuestras-tarifas\\\/\",\"url\":\"https:\\\/\\\/motocitycalador.com\\\/index.php\\\/nuestras-tarifas\\\/\",\"name\":\"Nuestras tarifas - MotoCityCalador\",\"isPartOf\":{\"@id\":\"https:\\\/\\\/motocitycalador.com\\\/#website\"},\"datePublished\":\"2026-04-14T12:56:39+00:00\",\"dateModified\":\"2026-04-15T08:00:38+00:00\",\"breadcrumb\":{\"@id\":\"https:\\\/\\\/motocitycalador.com\\\/index.php\\\/nuestras-tarifas\\\/#breadcrumb\"},\"inLanguage\":\"es\",\"potentialAction\":[{\"@type\":\"ReadAction\",\"target\":[\"https:\\\/\\\/motocitycalador.com\\\/index.php\\\/nuestras-tarifas\\\/\"]}]},{\"@type\":\"BreadcrumbList\",\"@id\":\"https:\\\/\\\/motocitycalador.com\\\/index.php\\\/nuestras-tarifas\\\/#breadcrumb\",\"itemListElement\":[{\"@type\":\"ListItem\",\"position\":1,\"name\":\"Portada\",\"item\":\"https:\\\/\\\/motocitycalador.com\\\/\"},{\"@type\":\"ListItem\",\"position\":2,\"name\":\"Nuestras tarifas\"}]},{\"@type\":\"WebSite\",\"@id\":\"https:\\\/\\\/motocitycalador.com\\\/#website\",\"url\":\"https:\\\/\\\/motocitycalador.com\\\/\",\"name\":\"MotoCityCalador\",\"description\":\"Amplio cat\u00e1logo de veh\u00edculos\",\"potentialAction\":[{\"@type\":\"SearchAction\",\"target\":{\"@type\":\"EntryPoint\",\"urlTemplate\":\"https:\\\/\\\/motocitycalador.com\\\/?s={search_term_string}\"},\"query-input\":{\"@type\":\"PropertyValueSpecification\",\"valueRequired\":true,\"valueName\":\"search_term_string\"}}],\"inLanguage\":\"es\"}]}<\/script>\n<!-- \/ Yoast SEO plugin. -->","yoast_head_json":{"title":"Nuestras tarifas - MotoCityCalador","robots":{"index":"index","follow":"follow","max-snippet":"max-snippet:-1","max-image-preview":"max-image-preview:large","max-video-preview":"max-video-preview:-1"},"canonical":"https:\/\/motocitycalador.com\/index.php\/nuestras-tarifas\/","og_locale":"es_ES","og_type":"article","og_title":"Nuestras tarifas - MotoCityCalador","og_description":"Precios M\u00e1s d\u00edas de ruta, mejores tarifas diarias. Descubre nuestros precios m\u00e1s competitivos dise\u00f1ados en exclusiva para alquileres de larga","og_url":"https:\/\/motocitycalador.com\/index.php\/nuestras-tarifas\/","og_site_name":"MotoCityCalador","article_modified_time":"2026-04-15T08:00:38+00:00","twitter_card":"summary_large_image","twitter_misc":{"Tiempo de lectura":"1 minuto"},"schema":{"@context":"https:\/\/schema.org","@graph":[{"@type":"WebPage","@id":"https:\/\/motocitycalador.com\/index.php\/nuestras-tarifas\/","url":"https:\/\/motocitycalador.com\/index.php\/nuestras-tarifas\/","name":"Nuestras tarifas - MotoCityCalador","isPartOf":{"@id":"https:\/\/motocitycalador.com\/#website"},"datePublished":"2026-04-14T12:56:39+00:00","dateModified":"2026-04-15T08:00:38+00:00","breadcrumb":{"@id":"https:\/\/motocitycalador.com\/index.php\/nuestras-tarifas\/#breadcrumb"},"inLanguage":"es","potentialAction":[{"@type":"ReadAction","target":["https:\/\/motocitycalador.com\/index.php\/nuestras-tarifas\/"]}]},{"@type":"BreadcrumbList","@id":"https:\/\/motocitycalador.com\/index.php\/nuestras-tarifas\/#breadcrumb","itemListElement":[{"@type":"ListItem","position":1,"name":"Portada","item":"https:\/\/motocitycalador.com\/"},{"@type":"ListItem","position":2,"name":"Nuestras tarifas"}]},{"@type":"WebSite","@id":"https:\/\/motocitycalador.com\/#website","url":"https:\/\/motocitycalador.com\/","name":"MotoCityCalador","description":"Amplio cat\u00e1logo de veh\u00edculos","potentialAction":[{"@type":"SearchAction","target":{"@type":"EntryPoint","urlTemplate":"https:\/\/motocitycalador.com\/?s={search_term_string}"},"query-input":{"@type":"PropertyValueSpecification","valueRequired":true,"valueName":"search_term_string"}}],"inLanguage":"es"}]}},"_links":{"self":[{"href":"https:\/\/motocitycalador.com\/index.php\/wp-json\/wp\/v2\/pages\/31075","targetHints":{"allow":["GET"]}}],"collection":[{"href":"https:\/\/motocitycalador.com\/index.php\/wp-json\/wp\/v2\/pages"}],"about":[{"href":"https:\/\/motocitycalador.com\/index.php\/wp-json\/wp\/v2\/types\/page"}],"author":[{"embeddable":true,"href":"https:\/\/motocitycalador.com\/index.php\/wp-json\/wp\/v2\/users\/1"}],"replies":[{"embeddable":true,"href":"https:\/\/motocitycalador.com\/index.php\/wp-json\/wp\/v2\/comments?post=31075"}],"version-history":[{"count":13,"href":"https:\/\/motocitycalador.com\/index.php\/wp-json\/wp\/v2\/pages\/31075\/revisions"}],"predecessor-version":[{"id":31092,"href":"https:\/\/motocitycalador.com\/index.php\/wp-json\/wp\/v2\/pages\/31075\/revisions\/31092"}],"wp:attachment":[{"href":"https:\/\/motocitycalador.com\/index.php\/wp-json\/wp\/v2\/media?parent=31075"}],"curies":[{"name":"wp","href":"https:\/\/api.w.org\/{rel}","templated":true}]}}