{"id":29724,"date":"2025-05-14T12:01:12","date_gmt":"2025-05-14T12:01:12","guid":{"rendered":"https:\/\/motocitycalador.com\/?post_type=product&#038;p=29724"},"modified":"2026-04-15T09:15:52","modified_gmt":"2026-04-15T09:15:52","slug":"electric-scooter","status":"publish","type":"product","link":"https:\/\/motocitycalador.com\/index.php\/producto\/electric-scooter\/","title":{"rendered":"ELECTRIC SCOOTER"},"content":{"rendered":"<p><img decoding=\"async\" class=\"alignnone size-medium wp-image-27808\" src=\"https:\/\/motocitycalador.com\/wp-content\/uploads\/2025\/05\/image-8-400x75.png\" alt=\"\" width=\"400\" height=\"75\" srcset=\"https:\/\/motocitycalador.com\/wp-content\/uploads\/2025\/05\/image-8-400x75.png 400w, https:\/\/motocitycalador.com\/wp-content\/uploads\/2025\/05\/image-8-150x28.png 150w, https:\/\/motocitycalador.com\/wp-content\/uploads\/2025\/05\/image-8.png 408w\" sizes=\"(max-width: 400px) 100vw, 400px\" \/><\/p>\n","protected":false},"excerpt":{"rendered":"<ul>\n<li><strong><em>Battery of Approximately 28-40km<\/em><\/strong><\/li>\n<li><strong><em>Speed:25Km\/h<\/em><\/strong><\/li>\n<li><strong><em>Incluido 2 cascos para cada veh\u00edculo.<\/em><\/strong><\/li>\n<li><strong>Dep\u00f3sito\/Franquicia:<\/strong> No se cobra dep\u00f3sito por adelantado (solo se factura en caso de da\u00f1os al veh\u00edculo).<\/li>\n<\/ul>\n<p style=\"margin-top: 15px; font-size: 0.95em; color: #333; border-top: 1px solid #eee; padding-top: 10px;\">\n    \u2139\ufe0f <strong>\u00bfAlquilas por 8 d\u00edas o m\u00e1s?<\/strong><br \/>\n    <a href=\"https:\/\/motocitycalador.com\/index.php\/nuestras-tarifas\/\" style=\"color: #d89f00; font-weight: bold; text-decoration: underline;\"><br \/>\n        Consulta aqu\u00ed nuestras tarifas especiales de larga duraci\u00f3n<br \/>\n    <\/a>.<\/p>\n","protected":false},"featured_media":29729,"comment_status":"open","ping_status":"closed","template":"","meta":[],"product_brand":[],"product_cat":[78],"product_tag":[],"class_list":{"0":"post-29724","1":"product","2":"type-product","3":"status-publish","4":"has-post-thumbnail","6":"product_cat-scooter-electricos-patinetes-electricos","8":"first","9":"instock","10":"shipping-taxable","11":"purchasable","12":"product-type-variable"},"exclude_global_add_ons":[],"addons":[],"yoast_head":"<!-- This site is optimized with the Yoast SEO plugin v27.5 - https:\/\/yoast.com\/product\/yoast-seo-wordpress\/ -->\n<title>ELECTRIC SCOOTER - MotoCityCalador<\/title>\n<meta name=\"robots\" content=\"index, follow, max-snippet:-1, max-image-preview:large, max-video-preview:-1\" \/>\n<link rel=\"canonical\" href=\"https:\/\/motocitycalador.com\/index.php\/producto\/electric-scooter\/\" \/>\n<meta property=\"og:locale\" content=\"es_ES\" \/>\n<meta property=\"og:type\" content=\"article\" \/>\n<meta property=\"og:title\" content=\"ELECTRIC SCOOTER - MotoCityCalador\" \/>\n<meta property=\"og:description\" content=\"Battery of Approximately 28-40km  Speed:25Km\/h  Incluido 2 cascos para cada veh\u00edculo.  Dep\u00f3sito\/Franquicia: No se cobra dep\u00f3sito por adelantado (solo se factura en caso de da\u00f1os al veh\u00edculo).      \u2139\ufe0f \u00bfAlquilas por 8 d\u00edas o m\u00e1s?         Consulta aqu\u00ed nuestras tarifas especiales de larga duraci\u00f3n   .\" \/>\n<meta property=\"og:url\" content=\"https:\/\/motocitycalador.com\/index.php\/producto\/electric-scooter\/\" \/>\n<meta property=\"og:site_name\" content=\"MotoCityCalador\" \/>\n<meta property=\"article:modified_time\" content=\"2026-04-15T09:15:52+00:00\" \/>\n<meta property=\"og:image\" content=\"https:\/\/motocitycalador.com\/wp-content\/uploads\/2025\/05\/ELECTRIC-SCOOTER-e1747385266466.jpg\" \/>\n\t<meta property=\"og:image:width\" content=\"472\" \/>\n\t<meta property=\"og:image:height\" content=\"410\" \/>\n\t<meta property=\"og:image:type\" content=\"image\/jpeg\" \/>\n<meta name=\"twitter:card\" content=\"summary_large_image\" \/>\n<meta name=\"twitter:label1\" content=\"Tiempo de lectura\" \/>\n\t<meta name=\"twitter:data1\" content=\"1 minuto\" \/>\n<script type=\"application\/ld+json\" class=\"yoast-schema-graph\">{\"@context\":\"https:\\\/\\\/schema.org\",\"@graph\":[{\"@type\":\"WebPage\",\"@id\":\"https:\\\/\\\/motocitycalador.com\\\/index.php\\\/producto\\\/electric-scooter\\\/\",\"url\":\"https:\\\/\\\/motocitycalador.com\\\/index.php\\\/producto\\\/electric-scooter\\\/\",\"name\":\"ELECTRIC SCOOTER - MotoCityCalador\",\"isPartOf\":{\"@id\":\"https:\\\/\\\/motocitycalador.com\\\/#website\"},\"primaryImageOfPage\":{\"@id\":\"https:\\\/\\\/motocitycalador.com\\\/index.php\\\/producto\\\/electric-scooter\\\/#primaryimage\"},\"image\":{\"@id\":\"https:\\\/\\\/motocitycalador.com\\\/index.php\\\/producto\\\/electric-scooter\\\/#primaryimage\"},\"thumbnailUrl\":\"https:\\\/\\\/motocitycalador.com\\\/wp-content\\\/uploads\\\/2025\\\/05\\\/ELECTRIC-SCOOTER-e1747385266466.jpg\",\"datePublished\":\"2025-05-14T12:01:12+00:00\",\"dateModified\":\"2026-04-15T09:15:52+00:00\",\"breadcrumb\":{\"@id\":\"https:\\\/\\\/motocitycalador.com\\\/index.php\\\/producto\\\/electric-scooter\\\/#breadcrumb\"},\"inLanguage\":\"es\",\"potentialAction\":[{\"@type\":\"ReadAction\",\"target\":[\"https:\\\/\\\/motocitycalador.com\\\/index.php\\\/producto\\\/electric-scooter\\\/\"]}]},{\"@type\":\"ImageObject\",\"inLanguage\":\"es\",\"@id\":\"https:\\\/\\\/motocitycalador.com\\\/index.php\\\/producto\\\/electric-scooter\\\/#primaryimage\",\"url\":\"https:\\\/\\\/motocitycalador.com\\\/wp-content\\\/uploads\\\/2025\\\/05\\\/ELECTRIC-SCOOTER-e1747385266466.jpg\",\"contentUrl\":\"https:\\\/\\\/motocitycalador.com\\\/wp-content\\\/uploads\\\/2025\\\/05\\\/ELECTRIC-SCOOTER-e1747385266466.jpg\",\"width\":472,\"height\":410},{\"@type\":\"BreadcrumbList\",\"@id\":\"https:\\\/\\\/motocitycalador.com\\\/index.php\\\/producto\\\/electric-scooter\\\/#breadcrumb\",\"itemListElement\":[{\"@type\":\"ListItem\",\"position\":1,\"name\":\"Portada\",\"item\":\"https:\\\/\\\/motocitycalador.com\\\/\"},{\"@type\":\"ListItem\",\"position\":2,\"name\":\"Tienda\",\"item\":\"https:\\\/\\\/motocitycalador.com\\\/index.php\\\/tienda\\\/\"},{\"@type\":\"ListItem\",\"position\":3,\"name\":\"ELECTRIC SCOOTER\"}]},{\"@type\":\"WebSite\",\"@id\":\"https:\\\/\\\/motocitycalador.com\\\/#website\",\"url\":\"https:\\\/\\\/motocitycalador.com\\\/\",\"name\":\"MotoCityCalador\",\"description\":\"Amplio cat\u00e1logo de veh\u00edculos\",\"potentialAction\":[{\"@type\":\"SearchAction\",\"target\":{\"@type\":\"EntryPoint\",\"urlTemplate\":\"https:\\\/\\\/motocitycalador.com\\\/?s={search_term_string}\"},\"query-input\":{\"@type\":\"PropertyValueSpecification\",\"valueRequired\":true,\"valueName\":\"search_term_string\"}}],\"inLanguage\":\"es\"}]}<\/script>\n<!-- \/ Yoast SEO plugin. -->","yoast_head_json":{"title":"ELECTRIC SCOOTER - MotoCityCalador","robots":{"index":"index","follow":"follow","max-snippet":"max-snippet:-1","max-image-preview":"max-image-preview:large","max-video-preview":"max-video-preview:-1"},"canonical":"https:\/\/motocitycalador.com\/index.php\/producto\/electric-scooter\/","og_locale":"es_ES","og_type":"article","og_title":"ELECTRIC SCOOTER - MotoCityCalador","og_description":"Battery of Approximately 28-40km  Speed:25Km\/h  Incluido 2 cascos para cada veh\u00edculo.  Dep\u00f3sito\/Franquicia: No se cobra dep\u00f3sito por adelantado (solo se factura en caso de da\u00f1os al veh\u00edculo).      \u2139\ufe0f \u00bfAlquilas por 8 d\u00edas o m\u00e1s?         Consulta aqu\u00ed nuestras tarifas especiales de larga duraci\u00f3n   .","og_url":"https:\/\/motocitycalador.com\/index.php\/producto\/electric-scooter\/","og_site_name":"MotoCityCalador","article_modified_time":"2026-04-15T09:15:52+00:00","og_image":[{"width":472,"height":410,"url":"https:\/\/motocitycalador.com\/wp-content\/uploads\/2025\/05\/ELECTRIC-SCOOTER-e1747385266466.jpg","type":"image\/jpeg"}],"twitter_card":"summary_large_image","twitter_misc":{"Tiempo de lectura":"1 minuto"},"schema":{"@context":"https:\/\/schema.org","@graph":[{"@type":"WebPage","@id":"https:\/\/motocitycalador.com\/index.php\/producto\/electric-scooter\/","url":"https:\/\/motocitycalador.com\/index.php\/producto\/electric-scooter\/","name":"ELECTRIC SCOOTER - MotoCityCalador","isPartOf":{"@id":"https:\/\/motocitycalador.com\/#website"},"primaryImageOfPage":{"@id":"https:\/\/motocitycalador.com\/index.php\/producto\/electric-scooter\/#primaryimage"},"image":{"@id":"https:\/\/motocitycalador.com\/index.php\/producto\/electric-scooter\/#primaryimage"},"thumbnailUrl":"https:\/\/motocitycalador.com\/wp-content\/uploads\/2025\/05\/ELECTRIC-SCOOTER-e1747385266466.jpg","datePublished":"2025-05-14T12:01:12+00:00","dateModified":"2026-04-15T09:15:52+00:00","breadcrumb":{"@id":"https:\/\/motocitycalador.com\/index.php\/producto\/electric-scooter\/#breadcrumb"},"inLanguage":"es","potentialAction":[{"@type":"ReadAction","target":["https:\/\/motocitycalador.com\/index.php\/producto\/electric-scooter\/"]}]},{"@type":"ImageObject","inLanguage":"es","@id":"https:\/\/motocitycalador.com\/index.php\/producto\/electric-scooter\/#primaryimage","url":"https:\/\/motocitycalador.com\/wp-content\/uploads\/2025\/05\/ELECTRIC-SCOOTER-e1747385266466.jpg","contentUrl":"https:\/\/motocitycalador.com\/wp-content\/uploads\/2025\/05\/ELECTRIC-SCOOTER-e1747385266466.jpg","width":472,"height":410},{"@type":"BreadcrumbList","@id":"https:\/\/motocitycalador.com\/index.php\/producto\/electric-scooter\/#breadcrumb","itemListElement":[{"@type":"ListItem","position":1,"name":"Portada","item":"https:\/\/motocitycalador.com\/"},{"@type":"ListItem","position":2,"name":"Tienda","item":"https:\/\/motocitycalador.com\/index.php\/tienda\/"},{"@type":"ListItem","position":3,"name":"ELECTRIC SCOOTER"}]},{"@type":"WebSite","@id":"https:\/\/motocitycalador.com\/#website","url":"https:\/\/motocitycalador.com\/","name":"MotoCityCalador","description":"Amplio cat\u00e1logo de veh\u00edculos","potentialAction":[{"@type":"SearchAction","target":{"@type":"EntryPoint","urlTemplate":"https:\/\/motocitycalador.com\/?s={search_term_string}"},"query-input":{"@type":"PropertyValueSpecification","valueRequired":true,"valueName":"search_term_string"}}],"inLanguage":"es"}]}},"_links":{"self":[{"href":"https:\/\/motocitycalador.com\/index.php\/wp-json\/wp\/v2\/product\/29724","targetHints":{"allow":["GET"]}}],"collection":[{"href":"https:\/\/motocitycalador.com\/index.php\/wp-json\/wp\/v2\/product"}],"about":[{"href":"https:\/\/motocitycalador.com\/index.php\/wp-json\/wp\/v2\/types\/product"}],"replies":[{"embeddable":true,"href":"https:\/\/motocitycalador.com\/index.php\/wp-json\/wp\/v2\/comments?post=29724"}],"version-history":[{"count":8,"href":"https:\/\/motocitycalador.com\/index.php\/wp-json\/wp\/v2\/product\/29724\/revisions"}],"predecessor-version":[{"id":31111,"href":"https:\/\/motocitycalador.com\/index.php\/wp-json\/wp\/v2\/product\/29724\/revisions\/31111"}],"wp:featuredmedia":[{"embeddable":true,"href":"https:\/\/motocitycalador.com\/index.php\/wp-json\/wp\/v2\/media\/29729"}],"wp:attachment":[{"href":"https:\/\/motocitycalador.com\/index.php\/wp-json\/wp\/v2\/media?parent=29724"}],"wp:term":[{"taxonomy":"product_brand","embeddable":true,"href":"https:\/\/motocitycalador.com\/index.php\/wp-json\/wp\/v2\/product_brand?post=29724"},{"taxonomy":"product_cat","embeddable":true,"href":"https:\/\/motocitycalador.com\/index.php\/wp-json\/wp\/v2\/product_cat?post=29724"},{"taxonomy":"product_tag","embeddable":true,"href":"https:\/\/motocitycalador.com\/index.php\/wp-json\/wp\/v2\/product_tag?post=29724"}],"curies":[{"name":"wp","href":"https:\/\/api.w.org\/{rel}","templated":true}]}}