{"id":30455,"date":"2026-03-27T14:03:44","date_gmt":"2026-03-27T14:03:44","guid":{"rendered":"https:\/\/motocitycalador.com\/?post_type=product&#038;p=30455"},"modified":"2026-04-15T09:14:39","modified_gmt":"2026-04-15T09:14:39","slug":"honda-adv-350cc","status":"publish","type":"product","link":"https:\/\/motocitycalador.com\/index.php\/producto\/honda-adv-350cc\/","title":{"rendered":"HONDA ADV 350cc"},"content":{"rendered":"<p><img decoding=\"async\" class=\"alignnone size-medium wp-image-27808\" src=\"https:\/\/motocitycalador.com\/wp-content\/uploads\/2025\/05\/image-8-400x75.png\" alt=\"\" width=\"400\" height=\"75\" srcset=\"https:\/\/motocitycalador.com\/wp-content\/uploads\/2025\/05\/image-8-400x75.png 400w, https:\/\/motocitycalador.com\/wp-content\/uploads\/2025\/05\/image-8-150x28.png 150w, https:\/\/motocitycalador.com\/wp-content\/uploads\/2025\/05\/image-8.png 408w\" sizes=\"(max-width: 400px) 100vw, 400px\" \/><\/p>\n<p>&nbsp;<\/p>\n","protected":false},"excerpt":{"rendered":"<ul>\n<li style=\"list-style-type: none;\">\n<ul>\n<li><strong>Experiencia requerida.<\/strong><\/li>\n<li><strong>Edad m\u00ednima: 21 a\u00f1os.<\/strong><\/li>\n<li><strong>Veh\u00edculo: Honda ADV 350cc (Crossover Scooter).<\/strong><\/li>\n<li><strong>Cascos:<\/strong> Incluidos 2 cascos con el alquiler del veh\u00edculo.<\/li>\n<li><strong>Dep\u00f3sito\/Franquicia:<\/strong> No se cobra dep\u00f3sito por adelantado (solo se factura en caso de da\u00f1os al veh\u00edculo).<\/li>\n<\/ul>\n<\/li>\n<\/ul>\n<p style=\"margin-top: 15px; font-size: 0.95em; color: #333; border-top: 1px solid #eee; padding-top: 10px;\">\n    \u2139\ufe0f <strong>\u00bfAlquilas por 8 d\u00edas o m\u00e1s?<\/strong><br \/>\n    <a href=\"https:\/\/motocitycalador.com\/index.php\/nuestras-tarifas\/\" style=\"color: #d89f00; font-weight: bold; text-decoration: underline;\"><br \/>\n        Consulta aqu\u00ed nuestras tarifas especiales de larga duraci\u00f3n<br \/>\n    <\/a>.<\/p>\n","protected":false},"featured_media":31050,"comment_status":"open","ping_status":"closed","template":"","meta":[],"product_brand":[],"product_cat":[20],"product_tag":[],"class_list":{"0":"post-30455","1":"product","2":"type-product","3":"status-publish","4":"has-post-thumbnail","6":"product_cat-scooters","8":"first","9":"instock","10":"shipping-taxable","11":"purchasable","12":"product-type-variable"},"exclude_global_add_ons":false,"addons":[{"name":"Seleccione los servicios adicionales que desee","type":"checkbox","position":0,"required":false,"title_format":"label","default":"","description_enable":true,"description":"<div style=\"display: flex;gap: 8px;margin-bottom: 15px\">\r\n    <img src=\"https:\/\/motocitycalador.com\/wp-content\/uploads\/2024\/06\/Baul.jpg\" style=\"width: 60px;height: auto;border: 1px solid #ddd;border-radius: 4px\">\r\n    <img src=\"https:\/\/motocitycalador.com\/wp-content\/uploads\/2024\/06\/Movil.jpg\" style=\"width: 60px;height: auto;border: 1px solid #ddd;border-radius: 4px\">\r\n    <img src=\"https:\/\/motocitycalador.com\/wp-content\/uploads\/2024\/06\/Chaqueta.jpg\" style=\"width: 60px;height: auto;border: 1px solid #ddd;border-radius: 4px\">\r\n    <img src=\"https:\/\/motocitycalador.com\/wp-content\/uploads\/2024\/06\/Guantes.jpg\" style=\"width: 60px;height: auto;border: 1px solid #ddd;border-radius: 4px\">\r\n<\/div>\r\n\r\n<span style=\"display:block;margin-bottom: 15px;color: #333;font-style: italic\">Seleccione los servicios adicionales que desee<\/span>\r\n\r\n<div style=\"font-size: 0.95em;color: #333;line-height: 2;margin-left: 5px\">\r\n    <div><strong>Ba\u00fal<\/strong> (precio por d\u00eda) (<span style=\"color: #d89f00;font-weight: bold\">+3,50 \u20ac<\/span>)<\/div>\r\n    <div><strong>Porta-m\u00f3viles<\/strong> (pago \u00fanico) (<span style=\"color: #d89f00;font-weight: bold\">+5,00 \u20ac<\/span>)<\/div>\r\n    <div><strong>Chaqueta<\/strong> (pago \u00fanico) (<span style=\"color: #d89f00;font-weight: bold\">+19,00 \u20ac<\/span>)<\/div>\r\n    <div><strong>Guantes<\/strong> (pago \u00fanico) (<span style=\"color: #d89f00;font-weight: bold\">+8,00 \u20ac<\/span>)<\/div>\r\n<\/div>","placeholder_enable":false,"placeholder":"","display":"select","restrictions_type":"any_text","adjust_price":false,"price":"","price_type":"flat_fee","restrictions":false,"min":"0","max":"0","options":[{"label":"csa","price":"","price_type":"flat_fee","image":0,"visibility":false}],"id":1776242394}],"yoast_head":"<!-- This site is optimized with the Yoast SEO plugin v27.4 - https:\/\/yoast.com\/product\/yoast-seo-wordpress\/ -->\n<title>HONDA ADV 350cc - MotoCityCalador<\/title>\n<meta name=\"robots\" content=\"index, follow, max-snippet:-1, max-image-preview:large, max-video-preview:-1\" \/>\n<link rel=\"canonical\" href=\"https:\/\/motocitycalador.com\/index.php\/producto\/honda-adv-350cc\/\" \/>\n<meta property=\"og:locale\" content=\"es_ES\" \/>\n<meta property=\"og:type\" content=\"article\" \/>\n<meta property=\"og:title\" content=\"HONDA ADV 350cc - MotoCityCalador\" \/>\n<meta property=\"og:description\" content=\"Experiencia requerida.  Edad m\u00ednima: 21 a\u00f1os.  Veh\u00edculo: Honda ADV 350cc (Crossover Scooter).  Cascos: Incluidos 2 cascos con el alquiler del veh\u00edculo.  Dep\u00f3sito\/Franquicia: No se cobra dep\u00f3sito por adelantado (solo se factura en caso de da\u00f1os al veh\u00edculo).        \u2139\ufe0f \u00bfAlquilas por 8 d\u00edas o m\u00e1s?         Consulta aqu\u00ed nuestras tarifas especiales de larga duraci\u00f3n   .\" \/>\n<meta property=\"og:url\" content=\"https:\/\/motocitycalador.com\/index.php\/producto\/honda-adv-350cc\/\" \/>\n<meta property=\"og:site_name\" content=\"MotoCityCalador\" \/>\n<meta property=\"article:modified_time\" content=\"2026-04-15T09:14:39+00:00\" \/>\n<meta property=\"og:image\" content=\"https:\/\/motocitycalador.com\/wp-content\/uploads\/2026\/03\/honda_adv_350.png\" \/>\n\t<meta property=\"og:image:width\" content=\"2528\" \/>\n\t<meta property=\"og:image:height\" content=\"1686\" \/>\n\t<meta property=\"og:image:type\" content=\"image\/png\" \/>\n<meta name=\"twitter:card\" content=\"summary_large_image\" \/>\n<meta name=\"twitter:label1\" content=\"Tiempo de lectura\" \/>\n\t<meta name=\"twitter:data1\" content=\"1 minuto\" \/>\n<script type=\"application\/ld+json\" class=\"yoast-schema-graph\">{\"@context\":\"https:\\\/\\\/schema.org\",\"@graph\":[{\"@type\":\"WebPage\",\"@id\":\"https:\\\/\\\/motocitycalador.com\\\/index.php\\\/producto\\\/honda-adv-350cc\\\/\",\"url\":\"https:\\\/\\\/motocitycalador.com\\\/index.php\\\/producto\\\/honda-adv-350cc\\\/\",\"name\":\"HONDA ADV 350cc - MotoCityCalador\",\"isPartOf\":{\"@id\":\"https:\\\/\\\/motocitycalador.com\\\/#website\"},\"primaryImageOfPage\":{\"@id\":\"https:\\\/\\\/motocitycalador.com\\\/index.php\\\/producto\\\/honda-adv-350cc\\\/#primaryimage\"},\"image\":{\"@id\":\"https:\\\/\\\/motocitycalador.com\\\/index.php\\\/producto\\\/honda-adv-350cc\\\/#primaryimage\"},\"thumbnailUrl\":\"https:\\\/\\\/motocitycalador.com\\\/wp-content\\\/uploads\\\/2026\\\/03\\\/honda_adv_350.png\",\"datePublished\":\"2026-03-27T14:03:44+00:00\",\"dateModified\":\"2026-04-15T09:14:39+00:00\",\"breadcrumb\":{\"@id\":\"https:\\\/\\\/motocitycalador.com\\\/index.php\\\/producto\\\/honda-adv-350cc\\\/#breadcrumb\"},\"inLanguage\":\"es\",\"potentialAction\":[{\"@type\":\"ReadAction\",\"target\":[\"https:\\\/\\\/motocitycalador.com\\\/index.php\\\/producto\\\/honda-adv-350cc\\\/\"]}]},{\"@type\":\"ImageObject\",\"inLanguage\":\"es\",\"@id\":\"https:\\\/\\\/motocitycalador.com\\\/index.php\\\/producto\\\/honda-adv-350cc\\\/#primaryimage\",\"url\":\"https:\\\/\\\/motocitycalador.com\\\/wp-content\\\/uploads\\\/2026\\\/03\\\/honda_adv_350.png\",\"contentUrl\":\"https:\\\/\\\/motocitycalador.com\\\/wp-content\\\/uploads\\\/2026\\\/03\\\/honda_adv_350.png\",\"width\":2528,\"height\":1686},{\"@type\":\"BreadcrumbList\",\"@id\":\"https:\\\/\\\/motocitycalador.com\\\/index.php\\\/producto\\\/honda-adv-350cc\\\/#breadcrumb\",\"itemListElement\":[{\"@type\":\"ListItem\",\"position\":1,\"name\":\"Portada\",\"item\":\"https:\\\/\\\/motocitycalador.com\\\/\"},{\"@type\":\"ListItem\",\"position\":2,\"name\":\"Tienda\",\"item\":\"https:\\\/\\\/motocitycalador.com\\\/index.php\\\/tienda\\\/\"},{\"@type\":\"ListItem\",\"position\":3,\"name\":\"HONDA ADV 350cc\"}]},{\"@type\":\"WebSite\",\"@id\":\"https:\\\/\\\/motocitycalador.com\\\/#website\",\"url\":\"https:\\\/\\\/motocitycalador.com\\\/\",\"name\":\"MotoCityCalador\",\"description\":\"Amplio cat\u00e1logo de veh\u00edculos\",\"potentialAction\":[{\"@type\":\"SearchAction\",\"target\":{\"@type\":\"EntryPoint\",\"urlTemplate\":\"https:\\\/\\\/motocitycalador.com\\\/?s={search_term_string}\"},\"query-input\":{\"@type\":\"PropertyValueSpecification\",\"valueRequired\":true,\"valueName\":\"search_term_string\"}}],\"inLanguage\":\"es\"}]}<\/script>\n<!-- \/ Yoast SEO plugin. -->","yoast_head_json":{"title":"HONDA ADV 350cc - MotoCityCalador","robots":{"index":"index","follow":"follow","max-snippet":"max-snippet:-1","max-image-preview":"max-image-preview:large","max-video-preview":"max-video-preview:-1"},"canonical":"https:\/\/motocitycalador.com\/index.php\/producto\/honda-adv-350cc\/","og_locale":"es_ES","og_type":"article","og_title":"HONDA ADV 350cc - MotoCityCalador","og_description":"Experiencia requerida.  Edad m\u00ednima: 21 a\u00f1os.  Veh\u00edculo: Honda ADV 350cc (Crossover Scooter).  Cascos: Incluidos 2 cascos con el alquiler del veh\u00edculo.  Dep\u00f3sito\/Franquicia: No se cobra dep\u00f3sito por adelantado (solo se factura en caso de da\u00f1os al veh\u00edculo).        \u2139\ufe0f \u00bfAlquilas por 8 d\u00edas o m\u00e1s?         Consulta aqu\u00ed nuestras tarifas especiales de larga duraci\u00f3n   .","og_url":"https:\/\/motocitycalador.com\/index.php\/producto\/honda-adv-350cc\/","og_site_name":"MotoCityCalador","article_modified_time":"2026-04-15T09:14:39+00:00","og_image":[{"width":2528,"height":1686,"url":"https:\/\/motocitycalador.com\/wp-content\/uploads\/2026\/03\/honda_adv_350.png","type":"image\/png"}],"twitter_card":"summary_large_image","twitter_misc":{"Tiempo de lectura":"1 minuto"},"schema":{"@context":"https:\/\/schema.org","@graph":[{"@type":"WebPage","@id":"https:\/\/motocitycalador.com\/index.php\/producto\/honda-adv-350cc\/","url":"https:\/\/motocitycalador.com\/index.php\/producto\/honda-adv-350cc\/","name":"HONDA ADV 350cc - MotoCityCalador","isPartOf":{"@id":"https:\/\/motocitycalador.com\/#website"},"primaryImageOfPage":{"@id":"https:\/\/motocitycalador.com\/index.php\/producto\/honda-adv-350cc\/#primaryimage"},"image":{"@id":"https:\/\/motocitycalador.com\/index.php\/producto\/honda-adv-350cc\/#primaryimage"},"thumbnailUrl":"https:\/\/motocitycalador.com\/wp-content\/uploads\/2026\/03\/honda_adv_350.png","datePublished":"2026-03-27T14:03:44+00:00","dateModified":"2026-04-15T09:14:39+00:00","breadcrumb":{"@id":"https:\/\/motocitycalador.com\/index.php\/producto\/honda-adv-350cc\/#breadcrumb"},"inLanguage":"es","potentialAction":[{"@type":"ReadAction","target":["https:\/\/motocitycalador.com\/index.php\/producto\/honda-adv-350cc\/"]}]},{"@type":"ImageObject","inLanguage":"es","@id":"https:\/\/motocitycalador.com\/index.php\/producto\/honda-adv-350cc\/#primaryimage","url":"https:\/\/motocitycalador.com\/wp-content\/uploads\/2026\/03\/honda_adv_350.png","contentUrl":"https:\/\/motocitycalador.com\/wp-content\/uploads\/2026\/03\/honda_adv_350.png","width":2528,"height":1686},{"@type":"BreadcrumbList","@id":"https:\/\/motocitycalador.com\/index.php\/producto\/honda-adv-350cc\/#breadcrumb","itemListElement":[{"@type":"ListItem","position":1,"name":"Portada","item":"https:\/\/motocitycalador.com\/"},{"@type":"ListItem","position":2,"name":"Tienda","item":"https:\/\/motocitycalador.com\/index.php\/tienda\/"},{"@type":"ListItem","position":3,"name":"HONDA ADV 350cc"}]},{"@type":"WebSite","@id":"https:\/\/motocitycalador.com\/#website","url":"https:\/\/motocitycalador.com\/","name":"MotoCityCalador","description":"Amplio cat\u00e1logo de veh\u00edculos","potentialAction":[{"@type":"SearchAction","target":{"@type":"EntryPoint","urlTemplate":"https:\/\/motocitycalador.com\/?s={search_term_string}"},"query-input":{"@type":"PropertyValueSpecification","valueRequired":true,"valueName":"search_term_string"}}],"inLanguage":"es"}]}},"_links":{"self":[{"href":"https:\/\/motocitycalador.com\/index.php\/wp-json\/wp\/v2\/product\/30455","targetHints":{"allow":["GET"]}}],"collection":[{"href":"https:\/\/motocitycalador.com\/index.php\/wp-json\/wp\/v2\/product"}],"about":[{"href":"https:\/\/motocitycalador.com\/index.php\/wp-json\/wp\/v2\/types\/product"}],"replies":[{"embeddable":true,"href":"https:\/\/motocitycalador.com\/index.php\/wp-json\/wp\/v2\/comments?post=30455"}],"version-history":[{"count":7,"href":"https:\/\/motocitycalador.com\/index.php\/wp-json\/wp\/v2\/product\/30455\/revisions"}],"predecessor-version":[{"id":31106,"href":"https:\/\/motocitycalador.com\/index.php\/wp-json\/wp\/v2\/product\/30455\/revisions\/31106"}],"wp:featuredmedia":[{"embeddable":true,"href":"https:\/\/motocitycalador.com\/index.php\/wp-json\/wp\/v2\/media\/31050"}],"wp:attachment":[{"href":"https:\/\/motocitycalador.com\/index.php\/wp-json\/wp\/v2\/media?parent=30455"}],"wp:term":[{"taxonomy":"product_brand","embeddable":true,"href":"https:\/\/motocitycalador.com\/index.php\/wp-json\/wp\/v2\/product_brand?post=30455"},{"taxonomy":"product_cat","embeddable":true,"href":"https:\/\/motocitycalador.com\/index.php\/wp-json\/wp\/v2\/product_cat?post=30455"},{"taxonomy":"product_tag","embeddable":true,"href":"https:\/\/motocitycalador.com\/index.php\/wp-json\/wp\/v2\/product_tag?post=30455"}],"curies":[{"name":"wp","href":"https:\/\/api.w.org\/{rel}","templated":true}]}}